{"id":1803,"date":"2023-03-17T10:51:28","date_gmt":"2023-03-17T09:51:28","guid":{"rendered":"https:\/\/forsbergsmetallduk.se\/umwelt\/"},"modified":"2023-12-12T09:04:42","modified_gmt":"2023-12-12T08:04:42","slug":"umwelt","status":"publish","type":"page","link":"https:\/\/forsbergsmetallduk.se\/de\/umwelt\/","title":{"rendered":"Umwelt"},"content":{"rendered":"<p>[et_pb_section fb_built=&#8220;1&#8243; module_id=&#8220;kvalitetmilj\u00f6&#8220; _builder_version=&#8220;4.20.2&#8243; background_color=&#8220;RGBA(255,255,255,0)&#8220; background_image=&#8220;https:\/\/forsbergsmetallduk.se\/wp-content\/uploads\/2017\/10\/header_Forsbergs113.jpg&#8220; global_colors_info=&#8220;{}&#8220;][et_pb_row column_structure=&#8220;3_5,2_5&#8243; _builder_version=&#8220;4.20.2&#8243; background_size=&#8220;initial&#8220; background_position=&#8220;top_left&#8220; background_repeat=&#8220;repeat&#8220; custom_padding=&#8220;42px|||||&#8220; global_colors_info=&#8220;{}&#8220;][et_pb_column type=&#8220;3_5&#8243; _builder_version=&#8220;4.20.2&#8243; background_color=&#8220;rgba(160,0,29,0.6)&#8220; custom_padding=&#8220;|||&#8220; animation_style=&#8220;slide&#8220; animation_direction=&#8220;bottom&#8220; animation_intensity_slide=&#8220;4%&#8220; global_colors_info=&#8220;{}&#8220; custom_padding__hover=&#8220;|||&#8220;][et_pb_text _builder_version=&#8220;4.21.0&#8243; header_text_color=&#8220;#FFFFFF&#8220; header_font_size=&#8220;38px&#8220; header_line_height=&#8220;1.2em&#8220; background_layout=&#8220;dark&#8220; custom_padding=&#8220;50px|50px||50px|false|false&#8220; header_font_size_tablet=&#8220;38px&#8220; header_font_size_phone=&#8220;30px&#8220; header_font_size_last_edited=&#8220;on|desktop&#8220; global_colors_info=&#8220;{}&#8220;]<\/p>\n<h1 style=\"text-align: left;\">Haltbarkeit wird in unsere Produkte eingewebt <\/h1>\n<p>[\/et_pb_text][et_pb_text _builder_version=&#8220;4.20.2&#8243; _module_preset=&#8220;default&#8220; text_font=&#8220;|700|||||||&#8220; text_text_color=&#8220;#FFFFFF&#8220; text_font_size=&#8220;18px&#8220; text_line_height=&#8220;1.8em&#8220; custom_padding=&#8220;|50px|50px|50px|false|false&#8220; text_font_size_tablet=&#8220;18px&#8220; text_font_size_phone=&#8220;14px&#8220; text_font_size_last_edited=&#8220;on|phone&#8220; text_line_height_tablet=&#8220;1.8em&#8220; text_line_height_phone=&#8220;1.6em&#8220; text_line_height_last_edited=&#8220;on|phone&#8220; global_colors_info=&#8220;{}&#8220;]<\/p>\n<p>Mit den Jahren haben wir umfassende Erfahrungen in puncto Metallgewebe gesammelt und somit ein optimales Produkt entwickeln k\u00f6nnen. Dank unserer Qualit\u00e4tszertifizierung ist Ihnen als Kunde stets sicher, dass unsere Produkte durchg\u00e4ngig den h\u00f6chsten Qualit\u00e4tsnormen entsprechen.<\/p>\n<p>&nbsp;<\/p>\n<p>[\/et_pb_text][\/et_pb_column][et_pb_column type=&#8220;2_5&#8243; _builder_version=&#8220;4.16&#8243; custom_padding=&#8220;|||&#8220; global_colors_info=&#8220;{}&#8220; custom_padding__hover=&#8220;|||&#8220;][\/et_pb_column][\/et_pb_row][\/et_pb_section][et_pb_section fb_built=&#8220;1&#8243; _builder_version=&#8220;4.16&#8243; global_colors_info=&#8220;{}&#8220;][et_pb_row column_structure=&#8220;3_5,2_5&#8243; _builder_version=&#8220;4.16&#8243; background_size=&#8220;initial&#8220; background_position=&#8220;top_left&#8220; background_repeat=&#8220;repeat&#8220; global_colors_info=&#8220;{}&#8220;][et_pb_column type=&#8220;3_5&#8243; _builder_version=&#8220;4.16&#8243; custom_padding=&#8220;|||&#8220; global_colors_info=&#8220;{}&#8220; custom_padding__hover=&#8220;|||&#8220;][et_pb_text _builder_version=&#8220;4.21.0&#8243; _module_preset=&#8220;default&#8220; global_colors_info=&#8220;{}&#8220;]<\/p>\n<h2>Haltbarkeit und Umwelt<\/h2>\n<p style=\"text-align: left;\">F\u00fcr uns von Forsbergs Metallduk AB ist Umwelt- und Arbeitsschutz selbstverst\u00e4ndlich.<\/p>\n<p style=\"text-align: left;\">Wir sind Miteigent\u00fcmer von Windkraftparks und teilweise Selbstversorger, indem wir auf erneuerbare Quellen zugreifen.<\/p>\n<p style=\"text-align: left;\">Alle unsere Materialien f\u00fcr die Metallgewebe sind zu 100 % recycelbar, da es sich um Metall handelt. Produktionsbedingte \u00dcbersch\u00fcsse werden selbstverst\u00e4ndlich der R\u00fcckgewinnung zugef\u00fchrt.<\/p>\n<p style=\"text-align: left;\">Ein gutes Arbeitsumfeld ist ebenfalls gew\u00e4hrleistet \u2013 mit luftigen und hellen R\u00e4umlichkeiten, die optimal auf unsere T\u00e4tigkeiten zugeschnitten sind.<\/p>\n<p>[\/et_pb_text][et_pb_image src=&#8220;https:\/\/forsbergsmetallduk.se\/wp-content\/uploads\/2017\/10\/miljo\u0308bild.jpg&#8220; alt=&#8220;Vindkraftver, tr\u00e4d och himmel&#8220; title_text=&#8220;Vindkraftverk_2&#8243; show_in_lightbox=&#8220;on&#8220; _builder_version=&#8220;4.21.0&#8243; _module_preset=&#8220;default&#8220; width=&#8220;79%&#8220; global_colors_info=&#8220;{}&#8220;][\/et_pb_image][\/et_pb_column][et_pb_column type=&#8220;2_5&#8243; _builder_version=&#8220;4.16&#8243; custom_padding=&#8220;|||&#8220; global_colors_info=&#8220;{}&#8220; custom_padding__hover=&#8220;|||&#8220;][et_pb_blurb title=&#8220;Umweltzertifizierung gem\u00e4\u00df ISO 14001&#8243; image=&#8220;https:\/\/forsbergsmetallduk.se\/wp-content\/uploads\/2017\/11\/kvalitet.jpg&#8220; image_icon_width=&#8220;none&#8220; admin_label=&#8220;Blurb&#8220; _builder_version=&#8220;4.20.2&#8243; background_size=&#8220;initial&#8220; background_position=&#8220;top_left&#8220; background_repeat=&#8220;repeat&#8220; text_orientation=&#8220;center&#8220; animation=&#8220;bottom&#8220; border_style=&#8220;solid&#8220; image_max_width=&#8220;none&#8220; global_colors_info=&#8220;{}&#8220;]<\/p>\n<p style=\"text-align: left;\">Wir sind gem\u00e4\u00df ISO 14001:2015 umweltzertifiziert.<\/p>\n<p>[\/et_pb_blurb][et_pb_blurb title=&#8220;Qualit\u00e4ts- und Umweltzertifikat&#8220; url=&#8220;https:\/\/forsbergsmetallduk.se\/wp-content\/uploads\/2023\/08\/1402-Forsbergs-Metallduk-AB-en.pdf&#8220; url_new_window=&#8220;on&#8220; use_icon=&#8220;on&#8220; font_icon=&#8220;&#xf56c;||fa||900&#8243; icon_placement=&#8220;left&#8220; image_icon_width=&#8220;60px&#8220; _builder_version=&#8220;4.23.1&#8243; _module_preset=&#8220;default&#8220; header_font=&#8220;||||||||&#8220; text_orientation=&#8220;center&#8220; animation=&#8220;bottom&#8220; hover_enabled=&#8220;0&#8243; global_colors_info=&#8220;{}&#8220; sticky_enabled=&#8220;0&#8243;][\/et_pb_blurb][\/et_pb_column][\/et_pb_row][\/et_pb_section][et_pb_section fb_built=&#8220;1&#8243; _builder_version=&#8220;4.16&#8243; background_color=&#8220;#a1102a&#8220; global_colors_info=&#8220;{}&#8220;][et_pb_row _builder_version=&#8220;4.16&#8243; background_size=&#8220;initial&#8220; background_position=&#8220;top_left&#8220; background_repeat=&#8220;repeat&#8220; global_colors_info=&#8220;{}&#8220;][et_pb_column type=&#8220;4_4&#8243; _builder_version=&#8220;4.16&#8243; custom_padding=&#8220;|||&#8220; global_colors_info=&#8220;{}&#8220; custom_padding__hover=&#8220;|||&#8220;][et_pb_cta title=&#8220;M\u00f6chten Sie mehr \u00fcber Metallgewebe erfahren?&#8220; button_url=&#8220;https:\/\/forsbergsmetallduk.se\/kontakt\/&#8220; button_text=&#8220;Kontaktieren Sie uns!&#8220; _builder_version=&#8220;4.20.2&#8243; header_line_height=&#8220;1.4em&#8220; use_background_color=&#8220;off&#8220; global_colors_info=&#8220;{}&#8220; button_text_size__hover_enabled=&#8220;off&#8220; button_one_text_size__hover_enabled=&#8220;off&#8220; button_two_text_size__hover_enabled=&#8220;off&#8220; button_text_color__hover_enabled=&#8220;off&#8220; button_one_text_color__hover_enabled=&#8220;off&#8220; button_two_text_color__hover_enabled=&#8220;off&#8220; button_border_width__hover_enabled=&#8220;off&#8220; button_one_border_width__hover_enabled=&#8220;off&#8220; button_two_border_width__hover_enabled=&#8220;off&#8220; button_border_color__hover_enabled=&#8220;off&#8220; button_one_border_color__hover_enabled=&#8220;off&#8220; button_two_border_color__hover_enabled=&#8220;off&#8220; button_border_radius__hover_enabled=&#8220;off&#8220; button_one_border_radius__hover_enabled=&#8220;off&#8220; button_two_border_radius__hover_enabled=&#8220;off&#8220; button_letter_spacing__hover_enabled=&#8220;off&#8220; button_one_letter_spacing__hover_enabled=&#8220;off&#8220; button_two_letter_spacing__hover_enabled=&#8220;off&#8220; button_bg_color__hover_enabled=&#8220;off&#8220; button_one_bg_color__hover_enabled=&#8220;off&#8220; button_two_bg_color__hover_enabled=&#8220;off&#8220;][\/et_pb_cta][\/et_pb_column][\/et_pb_row][\/et_pb_section]<\/p>\n","protected":false},"excerpt":{"rendered":"<p>Haltbarkeit wird in unsere Produkte eingewebt Mit den Jahren haben wir umfassende Erfahrungen in puncto Metallgewebe gesammelt und somit ein optimales Produkt entwickeln k\u00f6nnen. Dank unserer Qualit\u00e4tszertifizierung ist Ihnen als Kunde stets sicher, dass unsere Produkte durchg\u00e4ngig den h\u00f6chsten Qualit\u00e4tsnormen entsprechen. &nbsp;Haltbarkeit und Umwelt F\u00fcr uns von Forsbergs Metallduk AB ist Umwelt- und Arbeitsschutz selbstverst\u00e4ndlich. [&hellip;]<\/p>\n","protected":false},"author":4,"featured_media":0,"parent":0,"menu_order":0,"comment_status":"closed","ping_status":"closed","template":"","meta":{"_et_pb_use_builder":"on","_et_pb_old_content":"","_et_gb_content_width":"","footnotes":""},"class_list":["post-1803","page","type-page","status-publish","hentry"],"_links":{"self":[{"href":"https:\/\/forsbergsmetallduk.se\/de\/wp-json\/wp\/v2\/pages\/1803","targetHints":{"allow":["GET"]}}],"collection":[{"href":"https:\/\/forsbergsmetallduk.se\/de\/wp-json\/wp\/v2\/pages"}],"about":[{"href":"https:\/\/forsbergsmetallduk.se\/de\/wp-json\/wp\/v2\/types\/page"}],"author":[{"embeddable":true,"href":"https:\/\/forsbergsmetallduk.se\/de\/wp-json\/wp\/v2\/users\/4"}],"replies":[{"embeddable":true,"href":"https:\/\/forsbergsmetallduk.se\/de\/wp-json\/wp\/v2\/comments?post=1803"}],"version-history":[{"count":3,"href":"https:\/\/forsbergsmetallduk.se\/de\/wp-json\/wp\/v2\/pages\/1803\/revisions"}],"predecessor-version":[{"id":1957,"href":"https:\/\/forsbergsmetallduk.se\/de\/wp-json\/wp\/v2\/pages\/1803\/revisions\/1957"}],"wp:attachment":[{"href":"https:\/\/forsbergsmetallduk.se\/de\/wp-json\/wp\/v2\/media?parent=1803"}],"curies":[{"name":"wp","href":"https:\/\/api.w.org\/{rel}","templated":true}]}}