{"id":1779,"date":"2023-03-10T15:51:06","date_gmt":"2023-03-10T14:51:06","guid":{"rendered":"https:\/\/forsbergsmetallduk.se\/nagerschutz\/"},"modified":"2023-12-12T15:02:03","modified_gmt":"2023-12-12T14:02:03","slug":"nagerschutz","status":"publish","type":"page","link":"https:\/\/forsbergsmetallduk.se\/de\/nagerschutz\/","title":{"rendered":"Nagerschutz"},"content":{"rendered":"<p>[et_pb_section fb_built=&#8220;1&#8243; module_id=&#8220;Nagerschutz&#8220; _builder_version=&#8220;4.20.2&#8243; background_color=&#8220;RGBA(255,255,255,0)&#8220; background_image=&#8220;https:\/\/forsbergsmetallduk.se\/wp-content\/uploads\/2017\/10\/header_Forsbergs012.jpg&#8220; global_colors_info=&#8220;{}&#8220;][et_pb_row column_structure=&#8220;3_5,2_5&#8243; _builder_version=&#8220;4.20.2&#8243; background_size=&#8220;initial&#8220; background_position=&#8220;top_left&#8220; background_repeat=&#8220;repeat&#8220; min_height=&#8220;122px&#8220; custom_padding=&#8220;72px|||||&#8220; animation_style=&#8220;slide&#8220; animation_direction=&#8220;bottom&#8220; animation_intensity_slide=&#8220;4%&#8220; global_colors_info=&#8220;{}&#8220;][et_pb_column type=&#8220;3_5&#8243; _builder_version=&#8220;4.20.2&#8243; background_color=&#8220;rgba(160,0,29,0.6)&#8220; custom_padding=&#8220;|||&#8220; global_colors_info=&#8220;{}&#8220; custom_padding__hover=&#8220;|||&#8220;][et_pb_text _builder_version=&#8220;4.20.2&#8243; _module_preset=&#8220;default&#8220; header_text_color=&#8220;#FFFFFF&#8220; header_font_size=&#8220;38px&#8220; header_line_height=&#8220;1.2em&#8220; custom_padding=&#8220;50px|50px||50px|false|false&#8220; header_font_size_tablet=&#8220;38px&#8220; header_font_size_phone=&#8220;30px&#8220; header_font_size_last_edited=&#8220;on|phone&#8220; global_colors_info=&#8220;{}&#8220;]<\/p>\n<h1>Nagerschutz<\/h1>\n<p>[\/et_pb_text][et_pb_text _builder_version=&#8220;4.21.0&#8243; _module_preset=&#8220;default&#8220; text_font=&#8220;|700|||||||&#8220; text_text_color=&#8220;#FFFFFF&#8220; text_font_size=&#8220;18px&#8220; text_line_height=&#8220;1.8em&#8220; custom_padding=&#8220;|50px|50px|50px|false|false&#8220; text_font_size_tablet=&#8220;18px&#8220; text_font_size_phone=&#8220;14px&#8220; text_font_size_last_edited=&#8220;on|phone&#8220; text_line_height_tablet=&#8220;1.8em&#8220; text_line_height_phone=&#8220;1.6em&#8220; text_line_height_last_edited=&#8220;on|phone&#8220; global_colors_info=&#8220;{}&#8220;]<\/p>\n<p>Mithilfe unserer unterschiedlichen Produkte aus der Kategorie \u201eNagerschutz\u201c halten Sie Nager, Kleintiere und Insekten fern.<\/p>\n<p>Nagerschutz kommt in vielen Bereichen zum Einsatz, um Nagetiere, Insekten und Ungeziefer fernzuhalten. Eignet sich hervorragend f\u00fcr Villen, Ferienh\u00e4user, Mietobjekte, Industrie, Landwirtschaft, Tierst\u00e4lle, Lager, Garagen, Einfamilienh\u00e4user, L\u00fcftungsanlagen und vieles weiteres.<\/p>\n<p>[\/et_pb_text][\/et_pb_column][et_pb_column type=&#8220;2_5&#8243; _builder_version=&#8220;4.16&#8243; custom_padding=&#8220;|||&#8220; global_colors_info=&#8220;{}&#8220; custom_padding__hover=&#8220;|||&#8220;][\/et_pb_column][\/et_pb_row][\/et_pb_section][et_pb_section fb_built=&#8220;1&#8243; _builder_version=&#8220;4.16&#8243; background_color=&#8220;#e8e8e8&#8243; global_colors_info=&#8220;{}&#8220;][et_pb_row column_structure=&#8220;2_5,3_5&#8243; _builder_version=&#8220;4.21.0&#8243; _module_preset=&#8220;default&#8220; global_colors_info=&#8220;{}&#8220;][et_pb_column type=&#8220;2_5&#8243; _builder_version=&#8220;4.21.0&#8243; _module_preset=&#8220;default&#8220; global_colors_info=&#8220;{}&#8220;][et_pb_image src=&#8220;https:\/\/forsbergsmetallduk.se\/wp-content\/uploads\/2023\/05\/gnagarskydd_35_web.jpg&#8220; title_text=&#8220;gnagarskydd_35_web&#8220; show_in_lightbox=&#8220;on&#8220; _builder_version=&#8220;4.21.0&#8243; _module_preset=&#8220;default&#8220; global_colors_info=&#8220;{}&#8220;][\/et_pb_image][\/et_pb_column][et_pb_column type=&#8220;3_5&#8243; _builder_version=&#8220;4.21.0&#8243; _module_preset=&#8220;default&#8220; global_colors_info=&#8220;{}&#8220;][et_pb_text _builder_version=&#8220;4.21.0&#8243; _module_preset=&#8220;default&#8220; header_2_font=&#8220;||||||||&#8220; header_2_line_height=&#8220;1.2em&#8220; global_colors_info=&#8220;{}&#8220;]<\/p>\n<h2>Forsbergs Nagerschutz<br \/>Schutz gegen Ratten und Nager<\/h2>\n<p>[\/et_pb_text][et_pb_text _builder_version=&#8220;4.21.0&#8243; _module_preset=&#8220;default&#8220; global_colors_info=&#8220;{}&#8220;]<\/p>\n<p><strong>Unser Nagerschutz hilft Ihnen dabei, gr\u00f6\u00dfere Nagetiere wie etwa Ratten, Eichh\u00f6rnchen und andere fernzuhalten.<\/strong><\/p>\n<p>Kommt auf Grundst\u00fccken, in L\u00fcftungsanlagen, Abfl\u00fcssen, Durchl\u00e4ssen oder \u00d6ffnungen zum Einsatz. Kann sowohl im Au\u00dfenbereich als auch in den meisten Innenr\u00e4umen verwendet werden. Hergestellt aus Edelstahldraht.<\/p>\n<p>Breite: <strong>35 cm<\/strong><br \/>Maschengr\u00f6\u00dfe: <strong>5 x 5 mm<\/strong><br \/>Drahtdicke: <strong>0,7 mm<\/strong><br \/>Material: Edelstahl<strong><span class=\"Apple-converted-space\"> <\/span><\/strong> <\/p>\n<p>&nbsp;<\/p>\n<p>[\/et_pb_text][et_pb_button button_url=&#8220;@ET-DC@eyJkeW5hbWljIjp0cnVlLCJjb250ZW50IjoicG9zdF9saW5rX3VybF9wYWdlIiwic2V0dGluZ3MiOnsicG9zdF9pZCI6IjE4MTUifX0=@&#8220; button_text=&#8220;Kontaktieren Sie uns&#8220; _builder_version=&#8220;4.23.1&#8243; _module_preset=&#8220;default&#8220; hover_enabled=&#8220;0&#8243; global_colors_info=&#8220;{}&#8220; _dynamic_attributes=&#8220;button_url&#8220; sticky_enabled=&#8220;0&#8243;][\/et_pb_button][\/et_pb_column][\/et_pb_row][et_pb_row column_structure=&#8220;2_5,3_5&#8243; _builder_version=&#8220;4.21.0&#8243; _module_preset=&#8220;default&#8220; global_colors_info=&#8220;{}&#8220;][et_pb_column type=&#8220;2_5&#8243; _builder_version=&#8220;4.21.0&#8243; _module_preset=&#8220;default&#8220; global_colors_info=&#8220;{}&#8220;][et_pb_image src=&#8220;https:\/\/forsbergsmetallduk.se\/wp-content\/uploads\/2023\/05\/gnagarskydd_34_web.jpg&#8220; title_text=&#8220;gnagarskydd_34_web&#8220; show_in_lightbox=&#8220;on&#8220; _builder_version=&#8220;4.21.0&#8243; _module_preset=&#8220;default&#8220; global_colors_info=&#8220;{}&#8220;][\/et_pb_image][\/et_pb_column][et_pb_column type=&#8220;3_5&#8243; _builder_version=&#8220;4.21.0&#8243; _module_preset=&#8220;default&#8220; global_colors_info=&#8220;{}&#8220;][et_pb_text _builder_version=&#8220;4.21.0&#8243; _module_preset=&#8220;default&#8220; global_colors_info=&#8220;{}&#8220;]<\/p>\n<h2>Forsbergs Nagerschutz<br \/>Schutz gegen M\u00e4use und Insekten<\/h2>\n<p>[\/et_pb_text][et_pb_text _builder_version=&#8220;4.21.0&#8243; _module_preset=&#8220;default&#8220; global_colors_info=&#8220;{}&#8220;]<\/p>\n<p><strong>Unser Nagerschutz hilft Ihnen dabei, kleinere Nager wie M\u00e4use, K\u00e4fer usw. fernzuhalten.<\/strong><\/p>\n<p>Kommt in L\u00fcftungen\/Ventilen, Abfl\u00fcssen, Durchl\u00e4ssen oder Brunnen zum Einsatz. Kann sowohl im Au\u00dfenbereich als auch in den meisten Innenr\u00e4umen verwendet werden. Hergestellt aus lackiertem Edelstahldraht<\/p>\n<p>Breite: <strong>34 cm<\/strong><br \/>Maschengr\u00f6\u00dfe: <strong>2,5 x 1,8 mm<\/strong><br \/>Drahtdicke: <strong>0,24 mm<\/strong><br \/>Material: Edelstahl<strong><\/strong><br \/>Schwarzlackiert<\/p>\n<p>[\/et_pb_text][et_pb_button button_url=&#8220;@ET-DC@eyJkeW5hbWljIjp0cnVlLCJjb250ZW50IjoicG9zdF9saW5rX3VybF9wYWdlIiwic2V0dGluZ3MiOnsicG9zdF9pZCI6IjE4MTUifX0=@&#8220; button_text=&#8220;Kontaktieren Sie uns&#8220; _builder_version=&#8220;4.23.1&#8243; _module_preset=&#8220;default&#8220; hover_enabled=&#8220;0&#8243; global_colors_info=&#8220;{}&#8220; _dynamic_attributes=&#8220;button_url&#8220; sticky_enabled=&#8220;0&#8243;][\/et_pb_button][\/et_pb_column][\/et_pb_row][\/et_pb_section][et_pb_section fb_built=&#8220;1&#8243; _builder_version=&#8220;4.16&#8243; background_color=&#8220;#a1102a&#8220; global_colors_info=&#8220;{}&#8220;][et_pb_row _builder_version=&#8220;4.16&#8243; background_size=&#8220;initial&#8220; background_position=&#8220;top_left&#8220; background_repeat=&#8220;repeat&#8220; global_colors_info=&#8220;{}&#8220;][et_pb_column type=&#8220;4_4&#8243; _builder_version=&#8220;4.16&#8243; custom_padding=&#8220;|||&#8220; global_colors_info=&#8220;{}&#8220; custom_padding__hover=&#8220;|||&#8220;][et_pb_cta title=&#8220;Sie m\u00f6chten H\u00e4ndler werden?&#8220; button_url=&#8220;https:\/\/www.forsbergsmetallduk.se\/kontakt\/&#8220; button_text=&#8220;Kontaktieren Sie uns!&#8220; _builder_version=&#8220;4.21.0&#8243; header_line_height=&#8220;1.4em&#8220; use_background_color=&#8220;off&#8220; global_colors_info=&#8220;{}&#8220; button_text_size__hover_enabled=&#8220;off&#8220; button_one_text_size__hover_enabled=&#8220;off&#8220; button_two_text_size__hover_enabled=&#8220;off&#8220; button_text_color__hover_enabled=&#8220;off&#8220; button_one_text_color__hover_enabled=&#8220;off&#8220; button_two_text_color__hover_enabled=&#8220;off&#8220; button_border_width__hover_enabled=&#8220;off&#8220; button_one_border_width__hover_enabled=&#8220;off&#8220; button_two_border_width__hover_enabled=&#8220;off&#8220; button_border_color__hover_enabled=&#8220;off&#8220; button_one_border_color__hover_enabled=&#8220;off&#8220; button_two_border_color__hover_enabled=&#8220;off&#8220; button_border_radius__hover_enabled=&#8220;off&#8220; button_one_border_radius__hover_enabled=&#8220;off&#8220; button_two_border_radius__hover_enabled=&#8220;off&#8220; button_letter_spacing__hover_enabled=&#8220;off&#8220; button_one_letter_spacing__hover_enabled=&#8220;off&#8220; button_two_letter_spacing__hover_enabled=&#8220;off&#8220; button_bg_color__hover_enabled=&#8220;off&#8220; button_one_bg_color__hover_enabled=&#8220;off&#8220; button_two_bg_color__hover_enabled=&#8220;off&#8220;]<\/p>\n<p>Sie m\u00f6chten H\u00e4ndler werden? Kontaktieren Sie uns! <\/p>\n<p>[\/et_pb_cta][\/et_pb_column][\/et_pb_row][\/et_pb_section]<\/p>\n","protected":false},"excerpt":{"rendered":"<p>NagerschutzMithilfe unserer unterschiedlichen Produkte aus der Kategorie \u201eNagerschutz\u201c halten Sie Nager, Kleintiere und Insekten fern. Nagerschutz kommt in vielen Bereichen zum Einsatz, um Nagetiere, Insekten und Ungeziefer fernzuhalten. Eignet sich hervorragend f\u00fcr Villen, Ferienh\u00e4user, Mietobjekte, Industrie, Landwirtschaft, Tierst\u00e4lle, Lager, Garagen, Einfamilienh\u00e4user, L\u00fcftungsanlagen und vieles weiteres.Forsbergs NagerschutzSchutz gegen Ratten und NagerUnser Nagerschutz hilft Ihnen dabei, gr\u00f6\u00dfere [&hellip;]<\/p>\n","protected":false},"author":4,"featured_media":0,"parent":0,"menu_order":0,"comment_status":"closed","ping_status":"closed","template":"","meta":{"_et_pb_use_builder":"on","_et_pb_old_content":"","_et_gb_content_width":"","footnotes":""},"class_list":["post-1779","page","type-page","status-publish","hentry"],"_links":{"self":[{"href":"https:\/\/forsbergsmetallduk.se\/de\/wp-json\/wp\/v2\/pages\/1779","targetHints":{"allow":["GET"]}}],"collection":[{"href":"https:\/\/forsbergsmetallduk.se\/de\/wp-json\/wp\/v2\/pages"}],"about":[{"href":"https:\/\/forsbergsmetallduk.se\/de\/wp-json\/wp\/v2\/types\/page"}],"author":[{"embeddable":true,"href":"https:\/\/forsbergsmetallduk.se\/de\/wp-json\/wp\/v2\/users\/4"}],"replies":[{"embeddable":true,"href":"https:\/\/forsbergsmetallduk.se\/de\/wp-json\/wp\/v2\/comments?post=1779"}],"version-history":[{"count":3,"href":"https:\/\/forsbergsmetallduk.se\/de\/wp-json\/wp\/v2\/pages\/1779\/revisions"}],"predecessor-version":[{"id":1998,"href":"https:\/\/forsbergsmetallduk.se\/de\/wp-json\/wp\/v2\/pages\/1779\/revisions\/1998"}],"wp:attachment":[{"href":"https:\/\/forsbergsmetallduk.se\/de\/wp-json\/wp\/v2\/media?parent=1779"}],"curies":[{"name":"wp","href":"https:\/\/api.w.org\/{rel}","templated":true}]}}